{"id":2222,"date":"2023-12-05T22:44:46","date_gmt":"2023-12-05T21:44:46","guid":{"rendered":"http:\/\/studiojunodesign.com\/?page_id=2222"},"modified":"2025-10-15T17:44:30","modified_gmt":"2025-10-15T15:44:30","slug":"tarifs","status":"publish","type":"page","link":"https:\/\/studiojunodesign.com\/index.php\/tarifs\/","title":{"rendered":"Tarifs"},"content":{"rendered":"<div id='av_section_1'  class='avia-section main_color avia-section-default avia-no-shadow  av-parallax-section av-section-color-overlay-active avia-bg-style-parallax  avia-builder-el-0  el_before_av_textblock  avia-builder-el-first   container_wrap fullsize' style=' '  data-section-bg-repeat='no-repeat'><div class='av-parallax' data-avia-parallax-ratio='0.3' ><div class='av-parallax-inner main_color  avia-full-stretch' style = 'background-repeat: no-repeat; background-image: url(https:\/\/studiojunodesign.com\/wp-content\/uploads\/2023\/11\/Avant_Plan.jpg);background-attachment: scroll; background-position: center center; ' ><\/div><\/div><div class='av-section-color-overlay-wrap'><div class='av-section-color-overlay' style='opacity: 0.8; background-color: #0b3a39; '><\/div><div class='container' ><main  role=\"main\" itemprop=\"mainContentOfPage\"  class='template-page content  av-content-full alpha units'><div class='post-entry post-entry-type-page post-entry-2222'><div class='entry-content-wrapper clearfix'>\n<div  style='padding-bottom:0px; color:#ffffff;font-size:60px;' class='av-special-heading av-special-heading-h1 custom-color-heading blockquote modern-quote modern-centered  avia-builder-el-1  avia-builder-el-no-sibling  av-thin-font av-inherit-size '><h1 class='av-special-heading-tag '  itemprop=\"headline\"  >Tarifs des <strong>prestations<\/strong><\/h1><div class ='av-subheading av-subheading_below av_custom_color ' style='font-size:18px;'><p>Le fric, c&rsquo;est chic !<\/p>\n<\/div><div class='special-heading-border'><div class='special-heading-inner-border' style='border-color:#ffffff'><\/div><\/div><\/div>\n<\/div><\/div><\/main><!-- close content main element --><\/div><\/div><\/div><div id='after_section_1'  class='main_color av_default_container_wrap container_wrap fullsize' style=' '  ><div class='container' ><div class='template-page content  av-content-full alpha units'><div class='post-entry post-entry-type-page post-entry-2222'><div class='entry-content-wrapper clearfix'>\n<section class=\"av_textblock_section \"  itemscope=\"itemscope\" itemtype=\"https:\/\/schema.org\/CreativeWork\" ><div class='avia_textblock  '   itemprop=\"text\" ><p>Chacune de mes prestations est unique et pour beaucoup d&rsquo;entre elles un devis est donc n\u00e9cessaire.<\/p>\n<p>La plupart de temps quand on me sollicite pour repenser un espace il est logique de cumuler certaines des prestations d\u00e9taill\u00e9es ci-dessous, dans ces cas-l\u00e0 je fais des \u00ab\u00a0forfaits\u00a0\u00bb permettant aux clients de b\u00e9n\u00e9ficier d&rsquo;un tarif global plus avantageux.<\/p>\n<p>Un peu comme au restaurant avec le menu et la carte!<\/p>\n<p>Toutes mes prestations sont soumises \u00e0 TVA 20% sauf cas sp\u00e9cifique.<\/p>\n<\/div><\/section>\n<div class='avia-data-table-wrap avia_responsive_table'><table  class='avia-table avia-data-table avia-table-1  avia-builder-el-3  el_after_av_textblock  el_before_av_textblock  avia_pricing_default '  itemscope=\"itemscope\" itemtype=\"https:\/\/schema.org\/Table\" ><tbody><tr class='avia-heading-row'><th class=''>CONCEPTION<\/th><th class=''><\/th><\/tr><tr class=''><td class=''>Conception 2D<\/td><td class=''>sur devis uniquement<\/td><\/tr><tr class=''><td class=''>Conception 3D<\/td><td class=''>sur devis uniquement<\/td><\/tr><tr class=''><td class=''>Plans techniques<\/td><td class=''>sur devis uniquement<\/td><\/tr><tr class='avia-heading-row'><th class=''>ASSISTANCE<\/th><th class=''><\/th><\/tr><tr class=''><td class=''>Suivi de chantier, Ma\u00eetrise d&rsquo;Oeuvre uniquement sur second oeuvre, accompagnement au PV de fin de travaux inclu.<\/td><td class=''>7% des travaux HT<\/td><\/tr><tr class=''><td class=''>Assistance \u00e0 la ma\u00eetrise d&rsquo;ouvrage (AMO) courtage en travaux (trouver les artisans et analyser les devis)<\/td><td class=''>5% des travaux HT<\/td><\/tr><tr class=''><td class=''>Assistance administrative (DCE*, PC**, DPT***)<br \/>\n*DCE, dossier de consultation des entreprises\/**permis de construire\/***d\u00e9claration pr\u00e9alable de travaux<\/td><td class=''>sur devis uniquement<\/td><\/tr><tr class='avia-heading-row'><th class=''>DESIGN DE MOBILIER<\/th><th class=''><\/th><\/tr><tr class=''><td class=''>Mobilier sur mesure<\/td><td class=''>sur devis uniquement<\/td><\/tr><tr class='avia-heading-row'><th class=''>DECORATION<\/th><th class=''><\/th><\/tr><tr class=''><td class=''>D\u00e9coration Home staging<\/td><td class=''>sur devis uniquement<\/td><\/tr><tr class=''><td class=''>D\u00e9coration Moodboards (par planche)<\/td><td class=''>150 \u20ac HT<\/td><\/tr><tr class=''><td class=''>D\u00e9coration Visite conseil (1h30 \u00e0 2H00)<\/td><td class=''>200 \u20ac HT + 25\u20ac HT si d\u00e9placement sup\u00e9rieur \u00e0 20km autour de Pau + 25\u20ac HT par tranche de 20km suppl\u00e9mentaires \u00e0 partir de 40km<br \/>\nOption compte rendu \u00e9crit : 100\u20ac HT<\/td><\/tr><tr class='avia-heading-row'><th class=''>SCENOGRAPHIE<\/th><th class=''><\/th><\/tr><tr class=''><td class=''>Sc\u00e8nographie commerciale<\/td><td class=''>sur devis uniquement<\/td><\/tr><tr class=''><td class=''>Sc\u00e8nographie \u00e9venementielle<\/td><td class=''>sur devis uniquement<\/td><\/tr><tr class=''><td class=''>Sc\u00e8nographie d&rsquo;exposition<\/td><td class=''>sur devis uniquement<\/td><\/tr><tr class='avia-heading-row'><th class=''>SKETCHING ET GRAPHISME<\/th><th class=''><\/th><\/tr><tr class=''><td class=''>Sketching papier (aquarelle, promarkers etc ) prix par planche<\/td><td class=''>125 \u20ac HT<\/td><\/tr><tr class=''><td class=''>Sketching num\u00e9rique (format JPEG ou PDF) prix par planche<\/td><td class=''>100\u20ac HT<\/td><\/tr><tr class=''><td class=''>Graphisme appliqu\u00e9 \u00e0 l\u2019architecture<\/td><td class=''>sur devis uniquement<\/td><\/tr><\/tbody><\/table><\/div><style type='text\/css'>.avia-table-1 td:nth-of-type(1):before { content: 'CONCEPTION'; } .avia-table-1 td:nth-of-type(2):before { content: ''; } <\/style>\n<section class=\"av_textblock_section \"  itemscope=\"itemscope\" itemtype=\"https:\/\/schema.org\/CreativeWork\" ><div class='avia_textblock  '   itemprop=\"text\" ><p>Pour un devis personnalis\u00e9, une \u00e9tude ou simplement un conseil, n&rsquo;h\u00e9sitez pas \u00e0 me <a href=\"http:\/\/studiojunodesign.com\/index.php\/locations\/\">contacter<\/a>\u00a0!<\/p>\n<\/div><\/section>\n","protected":false},"excerpt":{"rendered":"<p>Les meilleures r\u00e9alisations du Studio Juno \u00e0 Pau p\u00e9cialis\u00e9 en am\u00e9nagement d&rsquo;int\u00e9rieur, d\u00e9coration, slow design, architecture d\u2019int\u00e9rieur.<\/p>\n","protected":false},"author":1,"featured_media":0,"parent":0,"menu_order":0,"comment_status":"closed","ping_status":"closed","template":"","meta":{"footnotes":""},"class_list":["post-2222","page","type-page","status-publish","hentry"],"_links":{"self":[{"href":"https:\/\/studiojunodesign.com\/index.php\/wp-json\/wp\/v2\/pages\/2222","targetHints":{"allow":["GET"]}}],"collection":[{"href":"https:\/\/studiojunodesign.com\/index.php\/wp-json\/wp\/v2\/pages"}],"about":[{"href":"https:\/\/studiojunodesign.com\/index.php\/wp-json\/wp\/v2\/types\/page"}],"author":[{"embeddable":true,"href":"https:\/\/studiojunodesign.com\/index.php\/wp-json\/wp\/v2\/users\/1"}],"replies":[{"embeddable":true,"href":"https:\/\/studiojunodesign.com\/index.php\/wp-json\/wp\/v2\/comments?post=2222"}],"version-history":[{"count":37,"href":"https:\/\/studiojunodesign.com\/index.php\/wp-json\/wp\/v2\/pages\/2222\/revisions"}],"predecessor-version":[{"id":3187,"href":"https:\/\/studiojunodesign.com\/index.php\/wp-json\/wp\/v2\/pages\/2222\/revisions\/3187"}],"wp:attachment":[{"href":"https:\/\/studiojunodesign.com\/index.php\/wp-json\/wp\/v2\/media?parent=2222"}],"curies":[{"name":"wp","href":"https:\/\/api.w.org\/{rel}","templated":true}]}}